{"id":1328,"date":"2025-11-05T18:07:31","date_gmt":"2025-11-05T23:07:31","guid":{"rendered":"https:\/\/dadouscorner.ca\/?page_id=1328"},"modified":"2026-01-14T07:09:29","modified_gmt":"2026-01-14T12:09:29","slug":"members-portal","status":"publish","type":"page","link":"https:\/\/dadouscorner.ca\/fr\/the-lodge\/members-portal\/","title":{"rendered":"Portail Membres"},"content":{"rendered":"<div class=\"wp-block-columns is-layout-flex wp-container-core-columns-is-layout-6e775b71 wp-block-columns-is-layout-flex\" style=\"padding-right:var(--wp--preset--spacing--30);padding-left:var(--wp--preset--spacing--30)\">\n<div class=\"wp-block-column has-global-padding is-content-justification-left is-layout-constrained wp-container-core-column-is-layout-914d4a68 wp-block-column-is-layout-constrained\" style=\"flex-basis:75vw\">\n<p class=\"has-custom-background-page-color has-text-color has-link-color wp-elements-3db276f0f57228422c55724132667cfc\">portail des membres<\/p>\n\n\n<p style=\"text-align:center;\">Merci de <a href=\"https:\/\/dadouscorner.ca\/fr\/login\/\">se connecter<\/a> pour entrer dans la zone membres.<\/p>\n\n\n\n<p class=\"has-text-align-left\">Pas encore membre ? <a href=\"https:\/\/dadouscorner.ca\/fr\/coworking\/\">D\u00e9couvrez nos formules<\/a> pour acc\u00e9der \u00e0 notre portail et \u00e0 tous ses avantages.<\/p>\n<\/div>\n<\/div>","protected":false},"excerpt":{"rendered":"<p>members portal Not a member yet? Explore our memberships to get access to our portal and all of its perks.<\/p>","protected":false},"author":268629517,"featured_media":2522,"parent":151,"menu_order":0,"comment_status":"closed","ping_status":"closed","template":"","meta":{"footnotes":""},"class_list":["post-1328","page","type-page","status-publish","has-post-thumbnail","hentry"],"yoast_head":"<!-- This site is optimized with the Yoast SEO plugin v27.4 - https:\/\/yoast.com\/product\/yoast-seo-wordpress\/ -->\n<title>Members Portal | Dadou&#039;s Corner<\/title>\n<meta name=\"description\" content=\"Access the Dadou\u2019s Corner members portal. Manage your membership, book desks, and stay in touch with our exclusive community.\" \/>\n<meta name=\"robots\" content=\"index, follow, max-snippet:-1, max-image-preview:large, max-video-preview:-1\" \/>\n<link rel=\"canonical\" href=\"https:\/\/dadouscorner.ca\/fr\/the-lodge\/members-portal\/\" \/>\n<meta property=\"og:locale\" content=\"fr_FR\" \/>\n<meta property=\"og:type\" content=\"article\" \/>\n<meta property=\"og:title\" content=\"Members Portal | Dadou&#039;s Corner\" \/>\n<meta property=\"og:description\" content=\"Access the Dadou\u2019s Corner members portal. Manage your membership, book desks, and stay in touch with our exclusive community.\" \/>\n<meta property=\"og:url\" content=\"https:\/\/dadouscorner.ca\/fr\/the-lodge\/members-portal\/\" \/>\n<meta property=\"og:site_name\" content=\"Dadou&#039;s Corner\" \/>\n<meta property=\"article:publisher\" content=\"https:\/\/facebook.com\/dadouscornerca\" \/>\n<meta property=\"article:modified_time\" content=\"2026-01-14T12:09:29+00:00\" \/>\n<meta property=\"og:image\" content=\"https:\/\/dadouscorner.ca\/wp-content\/uploads\/2026\/01\/the-lodge-members-portal-1.png\" \/>\n\t<meta property=\"og:image:width\" content=\"908\" \/>\n\t<meta property=\"og:image:height\" content=\"600\" \/>\n\t<meta property=\"og:image:type\" content=\"image\/png\" \/>\n<meta name=\"twitter:card\" content=\"summary_large_image\" \/>\n<meta name=\"twitter:label1\" content=\"Dur\u00e9e de lecture estim\u00e9e\" \/>\n\t<meta name=\"twitter:data1\" content=\"1 minute\" \/>\n<script type=\"application\/ld+json\" class=\"yoast-schema-graph\">{\"@context\":\"https:\\\/\\\/schema.org\",\"@graph\":[{\"@type\":\"WebPage\",\"@id\":\"https:\\\/\\\/dadouscorner.ca\\\/the-lodge\\\/members-portal\\\/\",\"url\":\"https:\\\/\\\/dadouscorner.ca\\\/the-lodge\\\/members-portal\\\/\",\"name\":\"Members Portal | Dadou's Corner\",\"isPartOf\":{\"@id\":\"https:\\\/\\\/dadouscorner.ca\\\/#website\"},\"primaryImageOfPage\":{\"@id\":\"https:\\\/\\\/dadouscorner.ca\\\/the-lodge\\\/members-portal\\\/#primaryimage\"},\"image\":{\"@id\":\"https:\\\/\\\/dadouscorner.ca\\\/the-lodge\\\/members-portal\\\/#primaryimage\"},\"thumbnailUrl\":\"https:\\\/\\\/i0.wp.com\\\/dadouscorner.ca\\\/wp-content\\\/uploads\\\/2026\\\/01\\\/the-lodge-members-portal-1.png?fit=908%2C600&ssl=1\",\"datePublished\":\"2025-11-05T23:07:31+00:00\",\"dateModified\":\"2026-01-14T12:09:29+00:00\",\"description\":\"Access the Dadou\u2019s Corner members portal. Manage your membership, book desks, and stay in touch with our exclusive community.\",\"breadcrumb\":{\"@id\":\"https:\\\/\\\/dadouscorner.ca\\\/the-lodge\\\/members-portal\\\/#breadcrumb\"},\"inLanguage\":\"fr-FR\",\"potentialAction\":[{\"@type\":\"ReadAction\",\"target\":[\"https:\\\/\\\/dadouscorner.ca\\\/the-lodge\\\/members-portal\\\/\"]}]},{\"@type\":\"ImageObject\",\"inLanguage\":\"fr-FR\",\"@id\":\"https:\\\/\\\/dadouscorner.ca\\\/the-lodge\\\/members-portal\\\/#primaryimage\",\"url\":\"https:\\\/\\\/i0.wp.com\\\/dadouscorner.ca\\\/wp-content\\\/uploads\\\/2026\\\/01\\\/the-lodge-members-portal-1.png?fit=908%2C600&ssl=1\",\"contentUrl\":\"https:\\\/\\\/i0.wp.com\\\/dadouscorner.ca\\\/wp-content\\\/uploads\\\/2026\\\/01\\\/the-lodge-members-portal-1.png?fit=908%2C600&ssl=1\",\"width\":908,\"height\":600,\"caption\":\"members directory members portal announcements resources insider events\"},{\"@type\":\"BreadcrumbList\",\"@id\":\"https:\\\/\\\/dadouscorner.ca\\\/the-lodge\\\/members-portal\\\/#breadcrumb\",\"itemListElement\":[{\"@type\":\"ListItem\",\"position\":1,\"name\":\"Home\",\"item\":\"https:\\\/\\\/dadouscorner.ca\\\/\"},{\"@type\":\"ListItem\",\"position\":2,\"name\":\"The Lodge Coworking\",\"item\":\"https:\\\/\\\/dadouscorner.ca\\\/the-lodge\\\/\"},{\"@type\":\"ListItem\",\"position\":3,\"name\":\"Members Portal\"}]},{\"@type\":\"WebSite\",\"@id\":\"https:\\\/\\\/dadouscorner.ca\\\/#website\",\"url\":\"https:\\\/\\\/dadouscorner.ca\\\/\",\"name\":\"Dadou's corner\",\"description\":\"Live Fully. Pause Often. Connect Deeply.\",\"publisher\":{\"@id\":\"https:\\\/\\\/dadouscorner.ca\\\/#organization\"},\"potentialAction\":[{\"@type\":\"SearchAction\",\"target\":{\"@type\":\"EntryPoint\",\"urlTemplate\":\"https:\\\/\\\/dadouscorner.ca\\\/?s={search_term_string}\"},\"query-input\":{\"@type\":\"PropertyValueSpecification\",\"valueRequired\":true,\"valueName\":\"search_term_string\"}}],\"inLanguage\":\"fr-FR\"},{\"@type\":\"Organization\",\"@id\":\"https:\\\/\\\/dadouscorner.ca\\\/#organization\",\"name\":\"Dadou's corner\",\"url\":\"https:\\\/\\\/dadouscorner.ca\\\/\",\"logo\":{\"@type\":\"ImageObject\",\"inLanguage\":\"fr-FR\",\"@id\":\"https:\\\/\\\/dadouscorner.ca\\\/#\\\/schema\\\/logo\\\/image\\\/\",\"url\":\"https:\\\/\\\/i0.wp.com\\\/dadouscorner.ca\\\/wp-content\\\/uploads\\\/2025\\\/10\\\/D-A-D-O-U-%E2%80%98-S-2160-x-2160-px-Logo-2.png?fit=500%2C500&ssl=1\",\"contentUrl\":\"https:\\\/\\\/i0.wp.com\\\/dadouscorner.ca\\\/wp-content\\\/uploads\\\/2025\\\/10\\\/D-A-D-O-U-%E2%80%98-S-2160-x-2160-px-Logo-2.png?fit=500%2C500&ssl=1\",\"width\":500,\"height\":500,\"caption\":\"Dadou's corner\"},\"image\":{\"@id\":\"https:\\\/\\\/dadouscorner.ca\\\/#\\\/schema\\\/logo\\\/image\\\/\"},\"sameAs\":[\"https:\\\/\\\/facebook.com\\\/dadouscornerca\",\"https:\\\/\\\/instagram.com\\\/dadouscorner\",\"https:\\\/\\\/www.tiktok.com\\\/@dadouscorner\",\"https:\\\/\\\/www.youtube.com\\\/@dadouscornerca\",\"https:\\\/\\\/www.linkedin.com\\\/company\\\/dadouscorner\\\/\"]}]}<\/script>\n<!-- \/ Yoast SEO plugin. -->","yoast_head_json":{"title":"Members Portal | Dadou's Corner","description":"Access the Dadou\u2019s Corner members portal. Manage your membership, book desks, and stay in touch with our exclusive community.","robots":{"index":"index","follow":"follow","max-snippet":"max-snippet:-1","max-image-preview":"max-image-preview:large","max-video-preview":"max-video-preview:-1"},"canonical":"https:\/\/dadouscorner.ca\/fr\/the-lodge\/members-portal\/","og_locale":"fr_FR","og_type":"article","og_title":"Members Portal | Dadou's Corner","og_description":"Access the Dadou\u2019s Corner members portal. Manage your membership, book desks, and stay in touch with our exclusive community.","og_url":"https:\/\/dadouscorner.ca\/fr\/the-lodge\/members-portal\/","og_site_name":"Dadou&#039;s Corner","article_publisher":"https:\/\/facebook.com\/dadouscornerca","article_modified_time":"2026-01-14T12:09:29+00:00","og_image":[{"width":908,"height":600,"url":"https:\/\/dadouscorner.ca\/wp-content\/uploads\/2026\/01\/the-lodge-members-portal-1.png","type":"image\/png"}],"twitter_card":"summary_large_image","twitter_misc":{"Dur\u00e9e de lecture estim\u00e9e":"1 minute"},"schema":{"@context":"https:\/\/schema.org","@graph":[{"@type":"WebPage","@id":"https:\/\/dadouscorner.ca\/the-lodge\/members-portal\/","url":"https:\/\/dadouscorner.ca\/the-lodge\/members-portal\/","name":"Members Portal | Dadou's Corner","isPartOf":{"@id":"https:\/\/dadouscorner.ca\/#website"},"primaryImageOfPage":{"@id":"https:\/\/dadouscorner.ca\/the-lodge\/members-portal\/#primaryimage"},"image":{"@id":"https:\/\/dadouscorner.ca\/the-lodge\/members-portal\/#primaryimage"},"thumbnailUrl":"https:\/\/i0.wp.com\/dadouscorner.ca\/wp-content\/uploads\/2026\/01\/the-lodge-members-portal-1.png?fit=908%2C600&ssl=1","datePublished":"2025-11-05T23:07:31+00:00","dateModified":"2026-01-14T12:09:29+00:00","description":"Access the Dadou\u2019s Corner members portal. Manage your membership, book desks, and stay in touch with our exclusive community.","breadcrumb":{"@id":"https:\/\/dadouscorner.ca\/the-lodge\/members-portal\/#breadcrumb"},"inLanguage":"fr-FR","potentialAction":[{"@type":"ReadAction","target":["https:\/\/dadouscorner.ca\/the-lodge\/members-portal\/"]}]},{"@type":"ImageObject","inLanguage":"fr-FR","@id":"https:\/\/dadouscorner.ca\/the-lodge\/members-portal\/#primaryimage","url":"https:\/\/i0.wp.com\/dadouscorner.ca\/wp-content\/uploads\/2026\/01\/the-lodge-members-portal-1.png?fit=908%2C600&ssl=1","contentUrl":"https:\/\/i0.wp.com\/dadouscorner.ca\/wp-content\/uploads\/2026\/01\/the-lodge-members-portal-1.png?fit=908%2C600&ssl=1","width":908,"height":600,"caption":"members directory members portal announcements resources insider events"},{"@type":"BreadcrumbList","@id":"https:\/\/dadouscorner.ca\/the-lodge\/members-portal\/#breadcrumb","itemListElement":[{"@type":"ListItem","position":1,"name":"Home","item":"https:\/\/dadouscorner.ca\/"},{"@type":"ListItem","position":2,"name":"The Lodge Coworking","item":"https:\/\/dadouscorner.ca\/the-lodge\/"},{"@type":"ListItem","position":3,"name":"Members Portal"}]},{"@type":"WebSite","@id":"https:\/\/dadouscorner.ca\/#website","url":"https:\/\/dadouscorner.ca\/","name":"Dadou's corner","description":"Live Fully. Pause Often. Connect Deeply.","publisher":{"@id":"https:\/\/dadouscorner.ca\/#organization"},"potentialAction":[{"@type":"SearchAction","target":{"@type":"EntryPoint","urlTemplate":"https:\/\/dadouscorner.ca\/?s={search_term_string}"},"query-input":{"@type":"PropertyValueSpecification","valueRequired":true,"valueName":"search_term_string"}}],"inLanguage":"fr-FR"},{"@type":"Organization","@id":"https:\/\/dadouscorner.ca\/#organization","name":"Dadou's corner","url":"https:\/\/dadouscorner.ca\/","logo":{"@type":"ImageObject","inLanguage":"fr-FR","@id":"https:\/\/dadouscorner.ca\/#\/schema\/logo\/image\/","url":"https:\/\/i0.wp.com\/dadouscorner.ca\/wp-content\/uploads\/2025\/10\/D-A-D-O-U-%E2%80%98-S-2160-x-2160-px-Logo-2.png?fit=500%2C500&ssl=1","contentUrl":"https:\/\/i0.wp.com\/dadouscorner.ca\/wp-content\/uploads\/2025\/10\/D-A-D-O-U-%E2%80%98-S-2160-x-2160-px-Logo-2.png?fit=500%2C500&ssl=1","width":500,"height":500,"caption":"Dadou's corner"},"image":{"@id":"https:\/\/dadouscorner.ca\/#\/schema\/logo\/image\/"},"sameAs":["https:\/\/facebook.com\/dadouscornerca","https:\/\/instagram.com\/dadouscorner","https:\/\/www.tiktok.com\/@dadouscorner","https:\/\/www.youtube.com\/@dadouscornerca","https:\/\/www.linkedin.com\/company\/dadouscorner\/"]}]}},"jetpack_sharing_enabled":true,"jetpack_shortlink":"https:\/\/wp.me\/PgGd5l-lq","_links":{"self":[{"href":"https:\/\/dadouscorner.ca\/fr\/wp-json\/wp\/v2\/pages\/1328","targetHints":{"allow":["GET"]}}],"collection":[{"href":"https:\/\/dadouscorner.ca\/fr\/wp-json\/wp\/v2\/pages"}],"about":[{"href":"https:\/\/dadouscorner.ca\/fr\/wp-json\/wp\/v2\/types\/page"}],"author":[{"embeddable":true,"href":"https:\/\/dadouscorner.ca\/fr\/wp-json\/wp\/v2\/users\/268629517"}],"replies":[{"embeddable":true,"href":"https:\/\/dadouscorner.ca\/fr\/wp-json\/wp\/v2\/comments?post=1328"}],"version-history":[{"count":16,"href":"https:\/\/dadouscorner.ca\/fr\/wp-json\/wp\/v2\/pages\/1328\/revisions"}],"predecessor-version":[{"id":2347,"href":"https:\/\/dadouscorner.ca\/fr\/wp-json\/wp\/v2\/pages\/1328\/revisions\/2347"}],"up":[{"embeddable":true,"href":"https:\/\/dadouscorner.ca\/fr\/wp-json\/wp\/v2\/pages\/151"}],"wp:featuredmedia":[{"embeddable":true,"href":"https:\/\/dadouscorner.ca\/fr\/wp-json\/wp\/v2\/media\/2522"}],"wp:attachment":[{"href":"https:\/\/dadouscorner.ca\/fr\/wp-json\/wp\/v2\/media?parent=1328"}],"curies":[{"name":"wp","href":"https:\/\/api.w.org\/{rel}","templated":true}]}}