{"id":1363,"date":"2025-11-05T22:11:27","date_gmt":"2025-11-06T03:11:27","guid":{"rendered":"https:\/\/dadouscorner.ca\/?page_id=1363"},"modified":"2026-04-01T21:38:16","modified_gmt":"2026-04-02T01:38:16","slug":"announcements","status":"publish","type":"page","link":"https:\/\/dadouscorner.ca\/fr\/members\/announcements\/","title":{"rendered":"Annonces"},"content":{"rendered":"<blockquote>\r\n<p>Oups ! Ce contenu est r\u00e9serv\u00e9 aux membres. Envie de participer ? D\u00e9couvrez notre <a href=\"https:\/\/dadouscorner.ca\/fr\/coworking\/\">liste des avantages pour les membres<\/a> et suivez-nous sur Instagram <a href=\"https:\/\/instagram.com\/dadouscorner\">@DadousCorner<\/a>\u00a0pour rester connect\u00e9 !<\/p>\r\n<\/blockquote>","protected":false},"excerpt":{"rendered":"","protected":false},"author":268629517,"featured_media":2522,"parent":1268,"menu_order":0,"comment_status":"closed","ping_status":"closed","template":"","meta":{"footnotes":""},"class_list":["post-1363","page","type-page","status-publish","hentry"],"yoast_head":"<!-- This site is optimized with the Yoast SEO plugin v27.4 - https:\/\/yoast.com\/product\/yoast-seo-wordpress\/ -->\n<title>Announcements | Dadou&#039;s Corner<\/title>\n<meta name=\"description\" content=\"Members Announcements: Stay tuned for exclusive news &amp; events just for Dadou\u2019s Corner members. Check back soon for the latest updates!\" \/>\n<meta name=\"robots\" content=\"index, follow, max-snippet:-1, max-image-preview:large, max-video-preview:-1\" \/>\n<link rel=\"canonical\" href=\"https:\/\/dadouscorner.ca\/fr\/members\/announcements\/\" \/>\n<meta property=\"og:locale\" content=\"fr_FR\" \/>\n<meta property=\"og:type\" content=\"article\" \/>\n<meta property=\"og:title\" content=\"Announcements | Dadou&#039;s Corner\" \/>\n<meta property=\"og:description\" content=\"Members Announcements: Stay tuned for exclusive news &amp; events just for Dadou\u2019s Corner members. Check back soon for the latest updates!\" \/>\n<meta property=\"og:url\" content=\"https:\/\/dadouscorner.ca\/fr\/members\/announcements\/\" \/>\n<meta property=\"og:site_name\" content=\"Dadou&#039;s Corner\" \/>\n<meta property=\"article:publisher\" content=\"https:\/\/facebook.com\/dadouscornerca\" \/>\n<meta property=\"article:modified_time\" content=\"2026-04-02T01:38:16+00:00\" \/>\n<meta property=\"og:image\" content=\"https:\/\/dadouscorner.ca\/wp-content\/uploads\/2026\/01\/the-lodge-members-portal-1.png\" \/>\n\t<meta property=\"og:image:width\" content=\"908\" \/>\n\t<meta property=\"og:image:height\" content=\"600\" \/>\n\t<meta property=\"og:image:type\" content=\"image\/png\" \/>\n<meta name=\"twitter:card\" content=\"summary_large_image\" \/>\n<meta name=\"twitter:label1\" content=\"Dur\u00e9e de lecture estim\u00e9e\" \/>\n\t<meta name=\"twitter:data1\" content=\"2 minutes\" \/>\n<script type=\"application\/ld+json\" class=\"yoast-schema-graph\">{\"@context\":\"https:\\\/\\\/schema.org\",\"@graph\":[{\"@type\":\"WebPage\",\"@id\":\"https:\\\/\\\/dadouscorner.ca\\\/members\\\/announcements\\\/\",\"url\":\"https:\\\/\\\/dadouscorner.ca\\\/members\\\/announcements\\\/\",\"name\":\"Announcements | Dadou's Corner\",\"isPartOf\":{\"@id\":\"https:\\\/\\\/dadouscorner.ca\\\/#website\"},\"datePublished\":\"2025-11-06T03:11:27+00:00\",\"dateModified\":\"2026-04-02T01:38:16+00:00\",\"description\":\"Members Announcements: Stay tuned for exclusive news & events just for Dadou\u2019s Corner members. Check back soon for the latest updates!\",\"breadcrumb\":{\"@id\":\"https:\\\/\\\/dadouscorner.ca\\\/members\\\/announcements\\\/#breadcrumb\"},\"inLanguage\":\"fr-FR\",\"potentialAction\":[{\"@type\":\"ReadAction\",\"target\":[\"https:\\\/\\\/dadouscorner.ca\\\/members\\\/announcements\\\/\"]}]},{\"@type\":\"BreadcrumbList\",\"@id\":\"https:\\\/\\\/dadouscorner.ca\\\/members\\\/announcements\\\/#breadcrumb\",\"itemListElement\":[{\"@type\":\"ListItem\",\"position\":1,\"name\":\"Home\",\"item\":\"https:\\\/\\\/dadouscorner.ca\\\/\"},{\"@type\":\"ListItem\",\"position\":2,\"name\":\"Members Directory\",\"item\":\"https:\\\/\\\/dadouscorner.ca\\\/members\\\/\"},{\"@type\":\"ListItem\",\"position\":3,\"name\":\"Announcements\"}]},{\"@type\":\"WebSite\",\"@id\":\"https:\\\/\\\/dadouscorner.ca\\\/#website\",\"url\":\"https:\\\/\\\/dadouscorner.ca\\\/\",\"name\":\"Dadou's corner\",\"description\":\"Live Fully. Pause Often. Connect Deeply.\",\"publisher\":{\"@id\":\"https:\\\/\\\/dadouscorner.ca\\\/#organization\"},\"potentialAction\":[{\"@type\":\"SearchAction\",\"target\":{\"@type\":\"EntryPoint\",\"urlTemplate\":\"https:\\\/\\\/dadouscorner.ca\\\/?s={search_term_string}\"},\"query-input\":{\"@type\":\"PropertyValueSpecification\",\"valueRequired\":true,\"valueName\":\"search_term_string\"}}],\"inLanguage\":\"fr-FR\"},{\"@type\":\"Organization\",\"@id\":\"https:\\\/\\\/dadouscorner.ca\\\/#organization\",\"name\":\"Dadou's corner\",\"url\":\"https:\\\/\\\/dadouscorner.ca\\\/\",\"logo\":{\"@type\":\"ImageObject\",\"inLanguage\":\"fr-FR\",\"@id\":\"https:\\\/\\\/dadouscorner.ca\\\/#\\\/schema\\\/logo\\\/image\\\/\",\"url\":\"https:\\\/\\\/i0.wp.com\\\/dadouscorner.ca\\\/wp-content\\\/uploads\\\/2025\\\/10\\\/D-A-D-O-U-%E2%80%98-S-2160-x-2160-px-Logo-2.png?fit=500%2C500&ssl=1\",\"contentUrl\":\"https:\\\/\\\/i0.wp.com\\\/dadouscorner.ca\\\/wp-content\\\/uploads\\\/2025\\\/10\\\/D-A-D-O-U-%E2%80%98-S-2160-x-2160-px-Logo-2.png?fit=500%2C500&ssl=1\",\"width\":500,\"height\":500,\"caption\":\"Dadou's corner\"},\"image\":{\"@id\":\"https:\\\/\\\/dadouscorner.ca\\\/#\\\/schema\\\/logo\\\/image\\\/\"},\"sameAs\":[\"https:\\\/\\\/facebook.com\\\/dadouscornerca\",\"https:\\\/\\\/instagram.com\\\/dadouscorner\",\"https:\\\/\\\/www.tiktok.com\\\/@dadouscorner\",\"https:\\\/\\\/www.youtube.com\\\/@dadouscornerca\",\"https:\\\/\\\/www.linkedin.com\\\/company\\\/dadouscorner\\\/\"]}]}<\/script>\n<!-- \/ Yoast SEO plugin. -->","yoast_head_json":{"title":"Announcements | Dadou's Corner","description":"Members Announcements: Stay tuned for exclusive news & events just for Dadou\u2019s Corner members. Check back soon for the latest updates!","robots":{"index":"index","follow":"follow","max-snippet":"max-snippet:-1","max-image-preview":"max-image-preview:large","max-video-preview":"max-video-preview:-1"},"canonical":"https:\/\/dadouscorner.ca\/fr\/members\/announcements\/","og_locale":"fr_FR","og_type":"article","og_title":"Announcements | Dadou's Corner","og_description":"Members Announcements: Stay tuned for exclusive news & events just for Dadou\u2019s Corner members. Check back soon for the latest updates!","og_url":"https:\/\/dadouscorner.ca\/fr\/members\/announcements\/","og_site_name":"Dadou&#039;s Corner","article_publisher":"https:\/\/facebook.com\/dadouscornerca","article_modified_time":"2026-04-02T01:38:16+00:00","og_image":[{"width":908,"height":600,"url":"https:\/\/dadouscorner.ca\/wp-content\/uploads\/2026\/01\/the-lodge-members-portal-1.png","type":"image\/png"}],"twitter_card":"summary_large_image","twitter_misc":{"Dur\u00e9e de lecture estim\u00e9e":"2 minutes"},"schema":{"@context":"https:\/\/schema.org","@graph":[{"@type":"WebPage","@id":"https:\/\/dadouscorner.ca\/members\/announcements\/","url":"https:\/\/dadouscorner.ca\/members\/announcements\/","name":"Announcements | Dadou's Corner","isPartOf":{"@id":"https:\/\/dadouscorner.ca\/#website"},"datePublished":"2025-11-06T03:11:27+00:00","dateModified":"2026-04-02T01:38:16+00:00","description":"Members Announcements: Stay tuned for exclusive news & events just for Dadou\u2019s Corner members. Check back soon for the latest updates!","breadcrumb":{"@id":"https:\/\/dadouscorner.ca\/members\/announcements\/#breadcrumb"},"inLanguage":"fr-FR","potentialAction":[{"@type":"ReadAction","target":["https:\/\/dadouscorner.ca\/members\/announcements\/"]}]},{"@type":"BreadcrumbList","@id":"https:\/\/dadouscorner.ca\/members\/announcements\/#breadcrumb","itemListElement":[{"@type":"ListItem","position":1,"name":"Home","item":"https:\/\/dadouscorner.ca\/"},{"@type":"ListItem","position":2,"name":"Members Directory","item":"https:\/\/dadouscorner.ca\/members\/"},{"@type":"ListItem","position":3,"name":"Announcements"}]},{"@type":"WebSite","@id":"https:\/\/dadouscorner.ca\/#website","url":"https:\/\/dadouscorner.ca\/","name":"Dadou's corner","description":"Live Fully. Pause Often. Connect Deeply.","publisher":{"@id":"https:\/\/dadouscorner.ca\/#organization"},"potentialAction":[{"@type":"SearchAction","target":{"@type":"EntryPoint","urlTemplate":"https:\/\/dadouscorner.ca\/?s={search_term_string}"},"query-input":{"@type":"PropertyValueSpecification","valueRequired":true,"valueName":"search_term_string"}}],"inLanguage":"fr-FR"},{"@type":"Organization","@id":"https:\/\/dadouscorner.ca\/#organization","name":"Dadou's corner","url":"https:\/\/dadouscorner.ca\/","logo":{"@type":"ImageObject","inLanguage":"fr-FR","@id":"https:\/\/dadouscorner.ca\/#\/schema\/logo\/image\/","url":"https:\/\/i0.wp.com\/dadouscorner.ca\/wp-content\/uploads\/2025\/10\/D-A-D-O-U-%E2%80%98-S-2160-x-2160-px-Logo-2.png?fit=500%2C500&ssl=1","contentUrl":"https:\/\/i0.wp.com\/dadouscorner.ca\/wp-content\/uploads\/2025\/10\/D-A-D-O-U-%E2%80%98-S-2160-x-2160-px-Logo-2.png?fit=500%2C500&ssl=1","width":500,"height":500,"caption":"Dadou's corner"},"image":{"@id":"https:\/\/dadouscorner.ca\/#\/schema\/logo\/image\/"},"sameAs":["https:\/\/facebook.com\/dadouscornerca","https:\/\/instagram.com\/dadouscorner","https:\/\/www.tiktok.com\/@dadouscorner","https:\/\/www.youtube.com\/@dadouscornerca","https:\/\/www.linkedin.com\/company\/dadouscorner\/"]}]}},"jetpack_sharing_enabled":true,"jetpack_shortlink":"https:\/\/wp.me\/PgGd5l-lZ","_links":{"self":[{"href":"https:\/\/dadouscorner.ca\/fr\/wp-json\/wp\/v2\/pages\/1363","targetHints":{"allow":["GET"]}}],"collection":[{"href":"https:\/\/dadouscorner.ca\/fr\/wp-json\/wp\/v2\/pages"}],"about":[{"href":"https:\/\/dadouscorner.ca\/fr\/wp-json\/wp\/v2\/types\/page"}],"author":[{"embeddable":true,"href":"https:\/\/dadouscorner.ca\/fr\/wp-json\/wp\/v2\/users\/268629517"}],"replies":[{"embeddable":true,"href":"https:\/\/dadouscorner.ca\/fr\/wp-json\/wp\/v2\/comments?post=1363"}],"version-history":[{"count":20,"href":"https:\/\/dadouscorner.ca\/fr\/wp-json\/wp\/v2\/pages\/1363\/revisions"}],"predecessor-version":[{"id":2963,"href":"https:\/\/dadouscorner.ca\/fr\/wp-json\/wp\/v2\/pages\/1363\/revisions\/2963"}],"up":[{"embeddable":true,"href":"https:\/\/dadouscorner.ca\/fr\/wp-json\/wp\/v2\/pages\/1268"}],"wp:featuredmedia":[{"embeddable":true,"href":"https:\/\/dadouscorner.ca\/fr\/wp-json\/wp\/v2\/media\/2522"}],"wp:attachment":[{"href":"https:\/\/dadouscorner.ca\/fr\/wp-json\/wp\/v2\/media?parent=1363"}],"curies":[{"name":"wp","href":"https:\/\/api.w.org\/{rel}","templated":true}]}}