{"id":1558,"date":"2025-11-07T19:01:03","date_gmt":"2025-11-08T00:01:03","guid":{"rendered":"https:\/\/dadouscorner.ca\/?page_id=1558"},"modified":"2026-04-01T22:49:05","modified_gmt":"2026-04-02T02:49:05","slug":"homepage","status":"publish","type":"page","link":"https:\/\/dadouscorner.ca\/fr\/","title":{"rendered":"homepage"},"content":{"rendered":"<header class=\"wp-block-cover aligncenter\" style=\"min-height:200px;aspect-ratio:unset;\"><img data-recalc-dims=\"1\" decoding=\"async\" width=\"1472\" height=\"832\" data-attachment-id=\"56\" data-permalink=\"https:\/\/dadouscorner.ca\/fr\/homepage-main\/\" data-orig-file=\"https:\/\/i0.wp.com\/dadouscorner.ca\/wp-content\/uploads\/2025\/07\/homepage-main.jpg?fit=1472%2C832&amp;ssl=1\" data-orig-size=\"1472,832\" data-comments-opened=\"1\" data-image-meta=\"{&quot;aperture&quot;:&quot;0&quot;,&quot;credit&quot;:&quot;AI generated&quot;,&quot;camera&quot;:&quot;&quot;,&quot;caption&quot;:&quot;&quot;,&quot;created_timestamp&quot;:&quot;0&quot;,&quot;copyright&quot;:&quot;&quot;,&quot;focal_length&quot;:&quot;0&quot;,&quot;iso&quot;:&quot;0&quot;,&quot;shutter_speed&quot;:&quot;0&quot;,&quot;title&quot;:&quot;&quot;,&quot;orientation&quot;:&quot;0&quot;}\" data-image-title=\"Homepage &amp;#8211; Main\" data-image-description=\"\" data-image-caption=\"\" data-large-file=\"https:\/\/i0.wp.com\/dadouscorner.ca\/wp-content\/uploads\/2025\/07\/homepage-main.jpg?fit=1024%2C579&amp;ssl=1\" class=\"wp-block-cover__image-background wp-image-56\" alt=\"Discover Dadou\u2019s Corner: caf\u00e9, coworking, bookstore, and music lounge \u2014 a warm space to connect and create.\" src=\"https:\/\/i0.wp.com\/dadouscorner.ca\/wp-content\/uploads\/2025\/07\/homepage-main.jpg?resize=1472%2C832&#038;ssl=1\" data-object-fit=\"cover\"\/><span aria-hidden=\"true\" class=\"wp-block-cover__background has-background-dim\"><\/span><div class=\"wp-block-cover__inner-container has-global-padding is-layout-constrained wp-block-cover-is-layout-constrained\">\n<h1 class=\"wp-block-heading has-text-align-center has-text-color has-link-color has-x-large-font-size wp-elements-872568d05a1e4244c1bac9f4e6de4ccb\" style=\"color:#f9f9f9\">plus qu'un simple espace<\/h1>\n\n\n\n<p class=\"has-text-align-center has-josefin-sans-font-family\">caf\u00e9 | coworking | livres | musique<\/p>\n<\/div><\/header>\n\n\n\n<h5 class=\"wp-block-heading has-text-align-center has-small-font-size\"><em>Votre nouvel oasis pour le caf\u00e9, la culture, la collaboration et la communaut\u00e9 \u00e0 Toronto<\/em><\/h5>\n\n\n\n<hr class=\"wp-block-separator has-alpha-channel-opacity\"\/>\n\n\n\n<p class=\"has-text-align-center has-x-small-font-size\">Imaginez un espace vibrant, francophone et anglophone, o\u00f9 l'ar\u00f4me du caf\u00e9 fra\u00eechement pr\u00e9par\u00e9 se joint au fr\u00e9missement d'une page qui tourne, o\u00f9 les t\u00e9l\u00e9travailleurs trouvent leur focus, et les soir\u00e9es de musique live r\u00e9sonnent. <\/p>\n\n\n\n<div style=\"height:7px\" aria-hidden=\"true\" class=\"wp-block-spacer\"><\/div>\n\n\n\n<h2 class=\"wp-block-heading has-text-align-center has-medium-font-size\">C'est ca, le Coin de Dadou.<\/h2>\n\n\n\n<div style=\"height:7px\" aria-hidden=\"true\" class=\"wp-block-spacer\"><\/div>\n\n\n\n<div class=\"wp-block-columns is-layout-flex wp-container-core-columns-is-layout-28f84493 wp-block-columns-is-layout-flex\">\n<div class=\"wp-block-column is-layout-flow wp-block-column-is-layout-flow\">\n<h6 class=\"wp-block-heading has-x-small-font-size\"><strong>Sirotez, savourez, et restez un moment avec nous.<\/strong><\/h6>\n\n\n\n<div class=\"wp-block-cover aligncenter\" style=\"min-height:200px;aspect-ratio:unset;\"><img data-recalc-dims=\"1\" decoding=\"async\" width=\"1472\" height=\"832\" data-attachment-id=\"65\" data-permalink=\"https:\/\/dadouscorner.ca\/fr\/homepage-coworking-2-2\/\" data-orig-file=\"https:\/\/i0.wp.com\/dadouscorner.ca\/wp-content\/uploads\/2025\/07\/homepage-coworking-2.png?fit=1472%2C832&amp;ssl=1\" data-orig-size=\"1472,832\" data-comments-opened=\"1\" data-image-meta=\"{&quot;aperture&quot;:&quot;0&quot;,&quot;credit&quot;:&quot;&quot;,&quot;camera&quot;:&quot;&quot;,&quot;caption&quot;:&quot;&quot;,&quot;created_timestamp&quot;:&quot;0&quot;,&quot;copyright&quot;:&quot;&quot;,&quot;focal_length&quot;:&quot;0&quot;,&quot;iso&quot;:&quot;0&quot;,&quot;shutter_speed&quot;:&quot;0&quot;,&quot;title&quot;:&quot;&quot;,&quot;orientation&quot;:&quot;0&quot;}\" data-image-title=\"Homepage &amp;#8211; coffee shop\" data-image-description=\"\" data-image-caption=\"\" data-large-file=\"https:\/\/i0.wp.com\/dadouscorner.ca\/wp-content\/uploads\/2025\/07\/homepage-coworking-2.png?fit=1024%2C579&amp;ssl=1\" class=\"wp-block-cover__image-background wp-image-65\" alt=\"coffee with music headphones \" src=\"https:\/\/i0.wp.com\/dadouscorner.ca\/wp-content\/uploads\/2025\/07\/homepage-coworking-2.png?resize=1472%2C832&#038;ssl=1\" data-object-fit=\"cover\"\/><span aria-hidden=\"true\" class=\"wp-block-cover__background has-custom-buttons-text-hover-quotes-background-background-color has-background-dim-20 has-background-dim\"><\/span><div class=\"wp-block-cover__inner-container is-layout-flow wp-block-cover-is-layout-flow\">\n<p class=\"has-text-align-center has-custom-h-3-h-6-m-text-color has-text-color has-link-color has-medium-font-size wp-elements-29b27c62b6cc12e83dfd9c3ef2a73756\"><\/p>\n<\/div><\/div>\n\n\n\n<h6 class=\"wp-block-heading has-x-small-font-size\"><strong><strong>D\u00e9tendez-vous, d\u00e9couvrez, et r\u00eavez.<\/strong><\/strong><\/h6>\n\n\n\n<div class=\"wp-block-cover aligncenter\" style=\"min-height:200px;aspect-ratio:unset;\"><img data-recalc-dims=\"1\" decoding=\"async\" width=\"1472\" height=\"832\" data-attachment-id=\"61\" data-permalink=\"https:\/\/dadouscorner.ca\/fr\/homepage-bookshelves\/\" data-orig-file=\"https:\/\/i0.wp.com\/dadouscorner.ca\/wp-content\/uploads\/2025\/07\/homepage-bookshelves.jpg?fit=1472%2C832&amp;ssl=1\" data-orig-size=\"1472,832\" data-comments-opened=\"1\" data-image-meta=\"{&quot;aperture&quot;:&quot;0&quot;,&quot;credit&quot;:&quot;AI generated&quot;,&quot;camera&quot;:&quot;&quot;,&quot;caption&quot;:&quot;&quot;,&quot;created_timestamp&quot;:&quot;0&quot;,&quot;copyright&quot;:&quot;&quot;,&quot;focal_length&quot;:&quot;0&quot;,&quot;iso&quot;:&quot;0&quot;,&quot;shutter_speed&quot;:&quot;0&quot;,&quot;title&quot;:&quot;&quot;,&quot;orientation&quot;:&quot;0&quot;}\" data-image-title=\"Homepage &amp;#8211; BookShelves\" data-image-description=\"\" data-image-caption=\"\" data-large-file=\"https:\/\/i0.wp.com\/dadouscorner.ca\/wp-content\/uploads\/2025\/07\/homepage-bookshelves.jpg?fit=1024%2C579&amp;ssl=1\" class=\"wp-block-cover__image-background wp-image-61\" alt=\"books space shelves\" src=\"https:\/\/i0.wp.com\/dadouscorner.ca\/wp-content\/uploads\/2025\/07\/homepage-bookshelves.jpg?resize=1472%2C832&#038;ssl=1\" data-object-fit=\"cover\"\/><span aria-hidden=\"true\" class=\"wp-block-cover__background has-custom-buttons-text-hover-quotes-background-background-color has-background-dim-20 has-background-dim\"><\/span><div class=\"wp-block-cover__inner-container is-layout-flow wp-block-cover-is-layout-flow\">\n<p class=\"has-text-align-center has-custom-h-3-h-6-m-text-color has-text-color has-link-color has-medium-font-size wp-elements-29b27c62b6cc12e83dfd9c3ef2a73756\"><\/p>\n<\/div><\/div>\n<\/div>\n\n\n\n<div class=\"wp-block-column is-layout-flow wp-block-column-is-layout-flow\">\n<h6 class=\"wp-block-heading has-x-small-font-size\"><strong><strong><strong><strong>Connectez-vous, concentrez-vous, et cr\u00e9ez.<\/strong><\/strong><\/strong><\/strong><\/h6>\n\n\n\n<div class=\"wp-block-cover aligncenter\" style=\"min-height:200px;aspect-ratio:unset;\"><img data-recalc-dims=\"1\" decoding=\"async\" width=\"358\" height=\"493\" data-attachment-id=\"2334\" data-permalink=\"https:\/\/dadouscorner.ca\/fr\/homepage\/screenshot-2025-11-12-113927\/\" data-orig-file=\"https:\/\/i0.wp.com\/dadouscorner.ca\/wp-content\/uploads\/2026\/01\/Screenshot-2025-11-12-113927.png?fit=358%2C493&amp;ssl=1\" data-orig-size=\"358,493\" data-comments-opened=\"1\" data-image-meta=\"{&quot;aperture&quot;:&quot;0&quot;,&quot;credit&quot;:&quot;&quot;,&quot;camera&quot;:&quot;&quot;,&quot;caption&quot;:&quot;&quot;,&quot;created_timestamp&quot;:&quot;0&quot;,&quot;copyright&quot;:&quot;&quot;,&quot;focal_length&quot;:&quot;0&quot;,&quot;iso&quot;:&quot;0&quot;,&quot;shutter_speed&quot;:&quot;0&quot;,&quot;title&quot;:&quot;&quot;,&quot;orientation&quot;:&quot;0&quot;}\" data-image-title=\"coworking the lodge\" data-image-description=\"\" data-image-caption=\"\" data-large-file=\"https:\/\/i0.wp.com\/dadouscorner.ca\/wp-content\/uploads\/2026\/01\/Screenshot-2025-11-12-113927.png?fit=358%2C493&amp;ssl=1\" class=\"wp-block-cover__image-background wp-image-2334 size-full\" alt=\"coworking \" src=\"https:\/\/i0.wp.com\/dadouscorner.ca\/wp-content\/uploads\/2026\/01\/Screenshot-2025-11-12-113927.png?resize=358%2C493&#038;ssl=1\" style=\"object-position:45% 58%\" data-object-fit=\"cover\" data-object-position=\"45% 58%\" srcset=\"https:\/\/i0.wp.com\/dadouscorner.ca\/wp-content\/uploads\/2026\/01\/Screenshot-2025-11-12-113927.png?w=358&amp;ssl=1 358w, https:\/\/i0.wp.com\/dadouscorner.ca\/wp-content\/uploads\/2026\/01\/Screenshot-2025-11-12-113927.png?resize=218%2C300&amp;ssl=1 218w, https:\/\/i0.wp.com\/dadouscorner.ca\/wp-content\/uploads\/2026\/01\/Screenshot-2025-11-12-113927.png?resize=9%2C12&amp;ssl=1 9w\" sizes=\"(max-width: 358px) 100vw, 358px\" \/><span aria-hidden=\"true\" class=\"wp-block-cover__background has-custom-buttons-text-hover-quotes-background-background-color has-background-dim-20 has-background-dim\"><\/span><div class=\"wp-block-cover__inner-container is-layout-flow wp-block-cover-is-layout-flow\">\n<p class=\"has-text-align-center has-custom-h-3-h-6-m-text-color has-text-color has-link-color has-medium-font-size wp-elements-29b27c62b6cc12e83dfd9c3ef2a73756\"><\/p>\n<\/div><\/div>\n\n\n\n<h6 class=\"wp-block-heading has-x-small-font-size\"><strong><strong><strong>Chantez en ch\u0153ur, dansez, et connectez.<\/strong><\/strong><\/strong><\/h6>\n\n\n\n<div class=\"wp-block-cover aligncenter wp-duotone-unset-1\" style=\"min-height:200px;aspect-ratio:unset;\"><img data-recalc-dims=\"1\" decoding=\"async\" width=\"675\" height=\"844\" data-attachment-id=\"2343\" data-permalink=\"https:\/\/dadouscorner.ca\/fr\/homepage\/untitled-design-1\/\" data-orig-file=\"https:\/\/i0.wp.com\/dadouscorner.ca\/wp-content\/uploads\/2026\/01\/Untitled-design-1.jpg?fit=675%2C844&amp;ssl=1\" data-orig-size=\"675,844\" data-comments-opened=\"1\" data-image-meta=\"{&quot;aperture&quot;:&quot;0&quot;,&quot;credit&quot;:&quot;&quot;,&quot;camera&quot;:&quot;&quot;,&quot;caption&quot;:&quot;&quot;,&quot;created_timestamp&quot;:&quot;0&quot;,&quot;copyright&quot;:&quot;&quot;,&quot;focal_length&quot;:&quot;0&quot;,&quot;iso&quot;:&quot;0&quot;,&quot;shutter_speed&quot;:&quot;0&quot;,&quot;title&quot;:&quot;&quot;,&quot;orientation&quot;:&quot;1&quot;}\" data-image-title=\"homepage music\" data-image-description=\"\" data-image-caption=\"\" data-large-file=\"https:\/\/i0.wp.com\/dadouscorner.ca\/wp-content\/uploads\/2026\/01\/Untitled-design-1.jpg?fit=675%2C844&amp;ssl=1\" class=\"wp-block-cover__image-background wp-image-2343 size-full\" alt=\"homepage music\" src=\"https:\/\/i0.wp.com\/dadouscorner.ca\/wp-content\/uploads\/2026\/01\/Untitled-design-1.jpg?resize=675%2C844&#038;ssl=1\" data-object-fit=\"cover\" srcset=\"https:\/\/i0.wp.com\/dadouscorner.ca\/wp-content\/uploads\/2026\/01\/Untitled-design-1.jpg?w=675&amp;ssl=1 675w, https:\/\/i0.wp.com\/dadouscorner.ca\/wp-content\/uploads\/2026\/01\/Untitled-design-1.jpg?resize=240%2C300&amp;ssl=1 240w, https:\/\/i0.wp.com\/dadouscorner.ca\/wp-content\/uploads\/2026\/01\/Untitled-design-1.jpg?resize=10%2C12&amp;ssl=1 10w\" sizes=\"(max-width: 675px) 100vw, 675px\" \/><span aria-hidden=\"true\" class=\"wp-block-cover__background has-custom-buttons-text-hover-quotes-background-background-color has-background-dim-20 has-background-dim\"><\/span><div class=\"wp-block-cover__inner-container is-layout-flow wp-block-cover-is-layout-flow\">\n<p class=\"has-text-align-center has-custom-h-3-h-6-m-text-color has-text-color has-link-color has-medium-font-size wp-elements-29b27c62b6cc12e83dfd9c3ef2a73756\"><\/p>\n<\/div><\/div>\n<\/div>\n<\/div>\n\n\n\n<script type='text\/javascript' src='https:\/\/storage.ko-fi.com\/cdn\/widget\/Widget_2.js'><\/script><script type='text\/javascript'>kofiwidget2.init('Support our journey on Ko-fi', '#073763', 'O5O61RT9Z8');kofiwidget2.draw();<\/script>\n\n\n\n<div style=\"height:15px\" aria-hidden=\"true\" class=\"wp-block-spacer\"><\/div>\n\n\n\n<hr class=\"wp-block-separator has-alpha-channel-opacity\" id=\"downloadlink\"\/>\n\n\n\n<p><strong>Le Printemps revient calmement<\/strong><\/p>\n\n\n\n<p>Les jours s'ouvrent enfin. La lumi\u00e8re s'attarde un peu plus longtemps, et le rythme de la ville s'adoucit avec elle.<\/p>\n\n\n\n<p>Cette saison invite \u00e0 une forme de croissance tranquille. Un retour au mouvement, \u00e0 la clart\u00e9 et aux moments qui nous reconnectent \u00e0 nous-m\u00eames ainsi qu'aux autres.<\/p>\n\n\n\n<p>Dans cet esprit, nous introduisons une nouvelle ressource con\u00e7ue pour accompagner ce rythme.<\/p>\n\n\n\n<div class=\"wp-block-buttons is-content-justification-center is-layout-flex wp-container-core-buttons-is-layout-a89b3969 wp-block-buttons-is-layout-flex\">\n<div class=\"wp-block-button\"><a class=\"wp-block-button__link wp-element-button\" href=\"https:\/\/ko-fi.com\/s\/bd0e8e4379\">T\u00e9l\u00e9chargez-la ici !<\/a><\/div>\n<\/div>\n\n\n\n<div style=\"height:15px\" aria-hidden=\"true\" class=\"wp-block-spacer\"><\/div>\n\n\n\n<figure class=\"wp-block-image aligncenter size-large is-resized\"><img data-recalc-dims=\"1\" decoding=\"async\" width=\"819\" height=\"1024\" data-attachment-id=\"2974\" data-permalink=\"https:\/\/dadouscorner.ca\/fr\/homepage\/insta_post-4\/\" data-orig-file=\"https:\/\/i0.wp.com\/dadouscorner.ca\/wp-content\/uploads\/2026\/04\/insta_post-4.png?fit=1080%2C1350&amp;ssl=1\" data-orig-size=\"1080,1350\" data-comments-opened=\"1\" data-image-meta=\"{&quot;aperture&quot;:&quot;0&quot;,&quot;credit&quot;:&quot;&quot;,&quot;camera&quot;:&quot;&quot;,&quot;caption&quot;:&quot;&quot;,&quot;created_timestamp&quot;:&quot;0&quot;,&quot;copyright&quot;:&quot;&quot;,&quot;focal_length&quot;:&quot;0&quot;,&quot;iso&quot;:&quot;0&quot;,&quot;shutter_speed&quot;:&quot;0&quot;,&quot;title&quot;:&quot;&quot;,&quot;orientation&quot;:&quot;0&quot;}\" data-image-title=\"insta_post (4)\" data-image-description=\"\" data-image-caption=\"\" data-large-file=\"https:\/\/i0.wp.com\/dadouscorner.ca\/wp-content\/uploads\/2026\/04\/insta_post-4.png?fit=819%2C1024&amp;ssl=1\" src=\"https:\/\/i0.wp.com\/dadouscorner.ca\/wp-content\/uploads\/2026\/04\/insta_post-4.png?resize=819%2C1024&#038;ssl=1\" alt=\"\" class=\"wp-image-2974\" style=\"aspect-ratio:0.7998333680483233;width:300px\" srcset=\"https:\/\/i0.wp.com\/dadouscorner.ca\/wp-content\/uploads\/2026\/04\/insta_post-4.png?resize=819%2C1024&amp;ssl=1 819w, https:\/\/i0.wp.com\/dadouscorner.ca\/wp-content\/uploads\/2026\/04\/insta_post-4.png?resize=240%2C300&amp;ssl=1 240w, https:\/\/i0.wp.com\/dadouscorner.ca\/wp-content\/uploads\/2026\/04\/insta_post-4.png?resize=768%2C960&amp;ssl=1 768w, https:\/\/i0.wp.com\/dadouscorner.ca\/wp-content\/uploads\/2026\/04\/insta_post-4.png?resize=10%2C12&amp;ssl=1 10w, https:\/\/i0.wp.com\/dadouscorner.ca\/wp-content\/uploads\/2026\/04\/insta_post-4.png?w=1080&amp;ssl=1 1080w\" sizes=\"(max-width: 819px) 100vw, 819px\" \/><\/figure>\n\n\n\n<hr class=\"wp-block-separator has-alpha-channel-opacity\"\/>\n\n\n\n<h4 class=\"wp-block-heading\"><strong>Une aventure jusqu'au Coin de Dadou<\/strong><\/h4>\n\n\n\n<p class=\"has-x-small-font-size\">Nous r\u00eavons, dessinons et pr\u00e9parons le lancement d\u2019un tout nouveau lieu de vie au c\u0153ur de Toronto : un espace o\u00f9 le caf\u00e9 d\u2019artisan rime avec rencontres authentiques. Notre ambition ultime ? Cr\u00e9er un sanctuaire \u00e0 la fois pour t\u00e9l\u00e9travailleurs, cr\u00e9ateurs et amoureux des livres. <\/p>\n\n\n\n<p class=\"has-x-small-font-size\">De ce fait, nous sommes \u00e0 la recherche de l'adresse parfaite pour donner vie \u00e0 cette vision. Si vous croisez la perle rare ou connaissez un coin baign\u00e9 de soleil qui vous rappelle notre histoire, votre suggestion est la bienvenue.<\/p>\n\n\n\n<p class=\"has-x-small-font-size\">En attendant de finaliser notre emplacement au centre-ville, la communaut\u00e9 de Dadou prosp\u00e8re d\u00e9j\u00e0 au gr\u00e9 de nos \u00e9v\u00e9nements \u00e9ph\u00e9m\u00e8res. Suivez-nous sur Instagram <strong><a href=\"https:\/\/instagram.com\/dadouscorner\">@DadousCorner<\/a><\/strong> ou abonnez-vous \u00e0 notre infolettre pour d\u00e9couvrir l\u2019envers du d\u00e9cor. <strong><a href=\"https:\/\/dadouscorner.ca\/fr\/stay-in-touch\/\">En nous rejoignant,<\/a><\/strong>nos abonn\u00e9s recevront des invitations exclusives et seront les premiers inform\u00e9s du jour o\u00f9 nous ouvrirons officiellement nos portes.<\/p>\n\n\n\n<p class=\"has-x-small-font-size\">Nous avons h\u00e2te de vous accueillir.<\/p>","protected":false},"excerpt":{"rendered":"<p>Your New Toronto Hub for Coffee, Culture, Collaboration &amp; Community Imagine a vibrant urban oasis where the aroma of freshly brewed coffee mingles with the quiet turning of book pages, where remote workers find focus, and evenings pulse with live music. This is Dadou&#8217;s Corner. Sip, Savour, and Stay Awhile. Unwind, Discover, and Dream. Login, [&hellip;]<\/p>\n","protected":false},"author":268629517,"featured_media":0,"parent":0,"menu_order":0,"comment_status":"closed","ping_status":"closed","template":"","meta":{"footnotes":""},"class_list":["post-1558","page","type-page","status-publish","hentry"],"yoast_head":"<!-- This site is optimized with the Yoast SEO plugin v27.4 - https:\/\/yoast.com\/product\/yoast-seo-wordpress\/ -->\n<title>Dadou&#039;s Corner | caf\u00e9, coworking, books &amp; music in Toronto<\/title>\n<meta name=\"description\" content=\"Discover Dadou\u2019s Corner: Toronto\u2019s upcoming cultural hub. Enjoy curated moments with coffee, coworking, books and music. Join us today.\" \/>\n<meta name=\"robots\" content=\"index, follow, max-snippet:-1, max-image-preview:large, max-video-preview:-1\" \/>\n<link rel=\"canonical\" href=\"https:\/\/dadouscorner.ca\/fr\/\" \/>\n<meta property=\"og:locale\" content=\"fr_FR\" \/>\n<meta property=\"og:type\" content=\"article\" \/>\n<meta property=\"og:title\" content=\"Dadou&#039;s Corner | caf\u00e9, coworking, books &amp; music in Toronto\" \/>\n<meta property=\"og:description\" content=\"Discover Dadou\u2019s Corner: Toronto\u2019s upcoming cultural hub. Enjoy curated moments with coffee, coworking, books and music. Join us today.\" \/>\n<meta property=\"og:url\" content=\"https:\/\/dadouscorner.ca\/fr\/\" \/>\n<meta property=\"og:site_name\" content=\"Dadou&#039;s Corner\" \/>\n<meta property=\"article:publisher\" content=\"https:\/\/facebook.com\/dadouscornerca\" \/>\n<meta property=\"article:modified_time\" content=\"2026-04-02T02:49:05+00:00\" \/>\n<meta name=\"twitter:card\" content=\"summary_large_image\" \/>\n<meta name=\"twitter:label1\" content=\"Dur\u00e9e de lecture estim\u00e9e\" \/>\n\t<meta name=\"twitter:data1\" content=\"3 minutes\" \/>\n<script type=\"application\/ld+json\" class=\"yoast-schema-graph\">{\"@context\":\"https:\\\/\\\/schema.org\",\"@graph\":[{\"@type\":\"WebPage\",\"@id\":\"https:\\\/\\\/dadouscorner.ca\\\/\",\"url\":\"https:\\\/\\\/dadouscorner.ca\\\/\",\"name\":\"Dadou's Corner | caf\u00e9, coworking, books & music in Toronto\",\"isPartOf\":{\"@id\":\"https:\\\/\\\/dadouscorner.ca\\\/#website\"},\"datePublished\":\"2025-11-08T00:01:03+00:00\",\"dateModified\":\"2026-04-02T02:49:05+00:00\",\"description\":\"Discover Dadou\u2019s Corner: Toronto\u2019s upcoming cultural hub. Enjoy curated moments with coffee, coworking, books and music. Join us today.\",\"breadcrumb\":{\"@id\":\"https:\\\/\\\/dadouscorner.ca\\\/#breadcrumb\"},\"inLanguage\":\"fr-FR\",\"potentialAction\":[{\"@type\":\"ReadAction\",\"target\":[\"https:\\\/\\\/dadouscorner.ca\\\/\"]}]},{\"@type\":\"BreadcrumbList\",\"@id\":\"https:\\\/\\\/dadouscorner.ca\\\/#breadcrumb\",\"itemListElement\":[{\"@type\":\"ListItem\",\"position\":1,\"name\":\"Home\",\"item\":\"https:\\\/\\\/dadouscorner.ca\\\/\"},{\"@type\":\"ListItem\",\"position\":2,\"name\":\"homepage\"}]},{\"@type\":\"WebSite\",\"@id\":\"https:\\\/\\\/dadouscorner.ca\\\/#website\",\"url\":\"https:\\\/\\\/dadouscorner.ca\\\/\",\"name\":\"Dadou's corner\",\"description\":\"Live Fully. Pause Often. Connect Deeply.\",\"publisher\":{\"@id\":\"https:\\\/\\\/dadouscorner.ca\\\/#organization\"},\"potentialAction\":[{\"@type\":\"SearchAction\",\"target\":{\"@type\":\"EntryPoint\",\"urlTemplate\":\"https:\\\/\\\/dadouscorner.ca\\\/?s={search_term_string}\"},\"query-input\":{\"@type\":\"PropertyValueSpecification\",\"valueRequired\":true,\"valueName\":\"search_term_string\"}}],\"inLanguage\":\"fr-FR\"},{\"@type\":\"Organization\",\"@id\":\"https:\\\/\\\/dadouscorner.ca\\\/#organization\",\"name\":\"Dadou's corner\",\"url\":\"https:\\\/\\\/dadouscorner.ca\\\/\",\"logo\":{\"@type\":\"ImageObject\",\"inLanguage\":\"fr-FR\",\"@id\":\"https:\\\/\\\/dadouscorner.ca\\\/#\\\/schema\\\/logo\\\/image\\\/\",\"url\":\"https:\\\/\\\/i0.wp.com\\\/dadouscorner.ca\\\/wp-content\\\/uploads\\\/2025\\\/10\\\/D-A-D-O-U-%E2%80%98-S-2160-x-2160-px-Logo-2.png?fit=500%2C500&ssl=1\",\"contentUrl\":\"https:\\\/\\\/i0.wp.com\\\/dadouscorner.ca\\\/wp-content\\\/uploads\\\/2025\\\/10\\\/D-A-D-O-U-%E2%80%98-S-2160-x-2160-px-Logo-2.png?fit=500%2C500&ssl=1\",\"width\":500,\"height\":500,\"caption\":\"Dadou's corner\"},\"image\":{\"@id\":\"https:\\\/\\\/dadouscorner.ca\\\/#\\\/schema\\\/logo\\\/image\\\/\"},\"sameAs\":[\"https:\\\/\\\/facebook.com\\\/dadouscornerca\",\"https:\\\/\\\/instagram.com\\\/dadouscorner\",\"https:\\\/\\\/www.tiktok.com\\\/@dadouscorner\",\"https:\\\/\\\/www.youtube.com\\\/@dadouscornerca\",\"https:\\\/\\\/www.linkedin.com\\\/company\\\/dadouscorner\\\/\"]}]}<\/script>\n<!-- \/ Yoast SEO plugin. -->","yoast_head_json":{"title":"Dadou's Corner | caf\u00e9, coworking, books & music in Toronto","description":"Discover Dadou\u2019s Corner: Toronto\u2019s upcoming cultural hub. Enjoy curated moments with coffee, coworking, books and music. Join us today.","robots":{"index":"index","follow":"follow","max-snippet":"max-snippet:-1","max-image-preview":"max-image-preview:large","max-video-preview":"max-video-preview:-1"},"canonical":"https:\/\/dadouscorner.ca\/fr\/","og_locale":"fr_FR","og_type":"article","og_title":"Dadou's Corner | caf\u00e9, coworking, books & music in Toronto","og_description":"Discover Dadou\u2019s Corner: Toronto\u2019s upcoming cultural hub. Enjoy curated moments with coffee, coworking, books and music. Join us today.","og_url":"https:\/\/dadouscorner.ca\/fr\/","og_site_name":"Dadou&#039;s Corner","article_publisher":"https:\/\/facebook.com\/dadouscornerca","article_modified_time":"2026-04-02T02:49:05+00:00","twitter_card":"summary_large_image","twitter_misc":{"Dur\u00e9e de lecture estim\u00e9e":"3 minutes"},"schema":{"@context":"https:\/\/schema.org","@graph":[{"@type":"WebPage","@id":"https:\/\/dadouscorner.ca\/","url":"https:\/\/dadouscorner.ca\/","name":"Dadou's Corner | caf\u00e9, coworking, books & music in Toronto","isPartOf":{"@id":"https:\/\/dadouscorner.ca\/#website"},"datePublished":"2025-11-08T00:01:03+00:00","dateModified":"2026-04-02T02:49:05+00:00","description":"Discover Dadou\u2019s Corner: Toronto\u2019s upcoming cultural hub. Enjoy curated moments with coffee, coworking, books and music. Join us today.","breadcrumb":{"@id":"https:\/\/dadouscorner.ca\/#breadcrumb"},"inLanguage":"fr-FR","potentialAction":[{"@type":"ReadAction","target":["https:\/\/dadouscorner.ca\/"]}]},{"@type":"BreadcrumbList","@id":"https:\/\/dadouscorner.ca\/#breadcrumb","itemListElement":[{"@type":"ListItem","position":1,"name":"Home","item":"https:\/\/dadouscorner.ca\/"},{"@type":"ListItem","position":2,"name":"homepage"}]},{"@type":"WebSite","@id":"https:\/\/dadouscorner.ca\/#website","url":"https:\/\/dadouscorner.ca\/","name":"Dadou's corner","description":"Live Fully. Pause Often. Connect Deeply.","publisher":{"@id":"https:\/\/dadouscorner.ca\/#organization"},"potentialAction":[{"@type":"SearchAction","target":{"@type":"EntryPoint","urlTemplate":"https:\/\/dadouscorner.ca\/?s={search_term_string}"},"query-input":{"@type":"PropertyValueSpecification","valueRequired":true,"valueName":"search_term_string"}}],"inLanguage":"fr-FR"},{"@type":"Organization","@id":"https:\/\/dadouscorner.ca\/#organization","name":"Dadou's corner","url":"https:\/\/dadouscorner.ca\/","logo":{"@type":"ImageObject","inLanguage":"fr-FR","@id":"https:\/\/dadouscorner.ca\/#\/schema\/logo\/image\/","url":"https:\/\/i0.wp.com\/dadouscorner.ca\/wp-content\/uploads\/2025\/10\/D-A-D-O-U-%E2%80%98-S-2160-x-2160-px-Logo-2.png?fit=500%2C500&ssl=1","contentUrl":"https:\/\/i0.wp.com\/dadouscorner.ca\/wp-content\/uploads\/2025\/10\/D-A-D-O-U-%E2%80%98-S-2160-x-2160-px-Logo-2.png?fit=500%2C500&ssl=1","width":500,"height":500,"caption":"Dadou's corner"},"image":{"@id":"https:\/\/dadouscorner.ca\/#\/schema\/logo\/image\/"},"sameAs":["https:\/\/facebook.com\/dadouscornerca","https:\/\/instagram.com\/dadouscorner","https:\/\/www.tiktok.com\/@dadouscorner","https:\/\/www.youtube.com\/@dadouscornerca","https:\/\/www.linkedin.com\/company\/dadouscorner\/"]}]}},"jetpack_sharing_enabled":true,"jetpack_shortlink":"https:\/\/wp.me\/PgGd5l-p8","_links":{"self":[{"href":"https:\/\/dadouscorner.ca\/fr\/wp-json\/wp\/v2\/pages\/1558","targetHints":{"allow":["GET"]}}],"collection":[{"href":"https:\/\/dadouscorner.ca\/fr\/wp-json\/wp\/v2\/pages"}],"about":[{"href":"https:\/\/dadouscorner.ca\/fr\/wp-json\/wp\/v2\/types\/page"}],"author":[{"embeddable":true,"href":"https:\/\/dadouscorner.ca\/fr\/wp-json\/wp\/v2\/users\/268629517"}],"replies":[{"embeddable":true,"href":"https:\/\/dadouscorner.ca\/fr\/wp-json\/wp\/v2\/comments?post=1558"}],"version-history":[{"count":49,"href":"https:\/\/dadouscorner.ca\/fr\/wp-json\/wp\/v2\/pages\/1558\/revisions"}],"predecessor-version":[{"id":2976,"href":"https:\/\/dadouscorner.ca\/fr\/wp-json\/wp\/v2\/pages\/1558\/revisions\/2976"}],"wp:attachment":[{"href":"https:\/\/dadouscorner.ca\/fr\/wp-json\/wp\/v2\/media?parent=1558"}],"curies":[{"name":"wp","href":"https:\/\/api.w.org\/{rel}","templated":true}]}}