{"id":434,"date":"2025-08-25T19:08:54","date_gmt":"2025-08-25T23:08:54","guid":{"rendered":"https:\/\/dadouscorner.ca\/?page_id=434"},"modified":"2026-01-20T07:24:06","modified_gmt":"2026-01-20T12:24:06","slug":"collections","status":"publish","type":"page","link":"https:\/\/dadouscorner.ca\/fr\/collections\/","title":{"rendered":"Book Collections"},"content":{"rendered":"<hr class=\"wp-block-separator has-alpha-channel-opacity\"\/>\n\n\n\n<h3 class=\"wp-block-heading has-medium-font-size\" style=\"text-transform:uppercase\">Nos S\u00e9lections \u00e0 venir<\/h3>\n\n\n\n<p>Nos collections mijotent encore en coulisses, mais vous pouvez d\u00e9j\u00e0 remplir votre tasse et plonger dans <a href=\"https:\/\/dadouscorner.ca\/fr\/blog\/\">nos r\u00e9cits<\/a>. Notre ambition : \u00e9difier une librairie qui fasse r\u00e9sonner la pluralit\u00e9 des voix de la communaut\u00e9 torontoise.<\/p>\n\n\n\n<hr class=\"wp-block-separator has-alpha-channel-opacity\"\/>\n\n\n\n<h3 class=\"wp-block-heading has-medium-font-size\" style=\"text-transform:uppercase\">Le chapitre \u00ab Fae &amp; Fiction \u00bb<\/h3>\n\n\n\n<p>Pendant que nos \u00e9tag\u00e8res mat\u00e9rielles se construisent, la communaut\u00e9, elle, se rassemble d\u00e9j\u00e0 au Coin de Dadou. <\/p>\n\n\n\n<p>Notre premi\u00e8re s\u00e9lection a \u00e9t\u00e9 officiellement choisie \u2014 quatre titres qui repr\u00e9sentent le c\u0153ur de nos quatre piliers \u2014 et nous sommes pr\u00eats \u00e0 commencer le voyage. Nous recherchons des lecteurs et lectrices pour nous aider \u00e0 fa\u00e7onner l\u2019\u00e2me de ce chapitre d\u00e8s le tout d\u00e9but. <\/p>\n\n\n\n<p>Nous avons actuellement 4 places disponibles autour de la table pour celles et ceux pr\u00eats \u00e0 se plonger dans nos lectures inaugurales.<\/p>\n\n\n\n<p><a href=\"https:\/\/instagram.com\/dadouscorner\">Ecrivez-nous<\/a> pour r\u00e9server votre place \u00e0 la table.<\/p>\n\n\n\n<hr class=\"wp-block-separator has-alpha-channel-opacity\"\/>\n\n\n\n<figure class=\"wp-block-image size-large\"><img data-recalc-dims=\"1\" decoding=\"async\" width=\"1024\" height=\"576\" data-attachment-id=\"1937\" data-permalink=\"https:\/\/dadouscorner.ca\/fr\/homepage\/jan-6th-post-1920-x-1080-px\/\" data-orig-file=\"https:\/\/i0.wp.com\/dadouscorner.ca\/wp-content\/uploads\/2026\/01\/Jan-6th-post-1920-x-1080-px.png?fit=1440%2C810&amp;ssl=1\" data-orig-size=\"1440,810\" data-comments-opened=\"1\" data-image-meta=\"{&quot;aperture&quot;:&quot;0&quot;,&quot;credit&quot;:&quot;&quot;,&quot;camera&quot;:&quot;&quot;,&quot;caption&quot;:&quot;&quot;,&quot;created_timestamp&quot;:&quot;0&quot;,&quot;copyright&quot;:&quot;&quot;,&quot;focal_length&quot;:&quot;0&quot;,&quot;iso&quot;:&quot;0&quot;,&quot;shutter_speed&quot;:&quot;0&quot;,&quot;title&quot;:&quot;&quot;,&quot;orientation&quot;:&quot;0&quot;}\" data-image-title=\"Jan 6th post (1920 x 1080 px)\" data-image-description=\"\" data-image-caption=\"\" data-large-file=\"https:\/\/i0.wp.com\/dadouscorner.ca\/wp-content\/uploads\/2026\/01\/Jan-6th-post-1920-x-1080-px.png?fit=1024%2C576&amp;ssl=1\" src=\"https:\/\/i0.wp.com\/dadouscorner.ca\/wp-content\/uploads\/2026\/01\/Jan-6th-post-1920-x-1080-px.png?resize=1024%2C576&#038;ssl=1\" alt=\"our book collections - reading club\" class=\"wp-image-1937\" srcset=\"https:\/\/i0.wp.com\/dadouscorner.ca\/wp-content\/uploads\/2026\/01\/Jan-6th-post-1920-x-1080-px.png?resize=1024%2C576&amp;ssl=1 1024w, https:\/\/i0.wp.com\/dadouscorner.ca\/wp-content\/uploads\/2026\/01\/Jan-6th-post-1920-x-1080-px.png?resize=300%2C169&amp;ssl=1 300w, https:\/\/i0.wp.com\/dadouscorner.ca\/wp-content\/uploads\/2026\/01\/Jan-6th-post-1920-x-1080-px.png?resize=768%2C432&amp;ssl=1 768w, https:\/\/i0.wp.com\/dadouscorner.ca\/wp-content\/uploads\/2026\/01\/Jan-6th-post-1920-x-1080-px.png?resize=18%2C10&amp;ssl=1 18w, https:\/\/i0.wp.com\/dadouscorner.ca\/wp-content\/uploads\/2026\/01\/Jan-6th-post-1920-x-1080-px.png?resize=1200%2C675&amp;ssl=1 1200w, https:\/\/i0.wp.com\/dadouscorner.ca\/wp-content\/uploads\/2026\/01\/Jan-6th-post-1920-x-1080-px.png?w=1440&amp;ssl=1 1440w\" sizes=\"(max-width: 1000px) 100vw, 1000px\" \/><\/figure>","protected":false},"excerpt":{"rendered":"<p>CUrated stories &amp; future shelves We\u2019re still brewing our book collections, but you can already pour yourself a cup and dive into our stories. Ultimately, our goal is to build a library that reflects the diverse voices of our Toronto community. The Fae &amp; Fiction Chapter While our physical shelves are being built, the community [&hellip;]<\/p>\n","protected":false},"author":268629517,"featured_media":2134,"parent":0,"menu_order":0,"comment_status":"closed","ping_status":"closed","template":"","meta":{"footnotes":""},"class_list":["post-434","page","type-page","status-publish","has-post-thumbnail","hentry"],"yoast_head":"<!-- This site is optimized with the Yoast SEO plugin v27.4 - https:\/\/yoast.com\/product\/yoast-seo-wordpress\/ -->\n<title>Book Collections | Dadou&#039;s Corner<\/title>\n<meta name=\"description\" content=\"Discover your next favourite read at Dadou\u2019s Corner. Shop our book collections, handpicked for the modern reader.\" \/>\n<meta name=\"robots\" content=\"index, follow, max-snippet:-1, max-image-preview:large, max-video-preview:-1\" \/>\n<link rel=\"canonical\" href=\"https:\/\/dadouscorner.ca\/fr\/collections\/\" \/>\n<meta property=\"og:locale\" content=\"fr_FR\" \/>\n<meta property=\"og:type\" content=\"article\" \/>\n<meta property=\"og:title\" content=\"Book Collections | Dadou&#039;s Corner\" \/>\n<meta property=\"og:description\" content=\"Discover your next favourite read at Dadou\u2019s Corner. Shop our book collections, handpicked for the modern reader.\" \/>\n<meta property=\"og:url\" content=\"https:\/\/dadouscorner.ca\/fr\/collections\/\" \/>\n<meta property=\"og:site_name\" content=\"Dadou&#039;s Corner\" \/>\n<meta property=\"article:publisher\" content=\"https:\/\/facebook.com\/dadouscornerca\" \/>\n<meta property=\"article:modified_time\" content=\"2026-01-20T12:24:06+00:00\" \/>\n<meta property=\"og:image\" content=\"https:\/\/dadouscorner.ca\/wp-content\/uploads\/2026\/01\/book-collections.png\" \/>\n\t<meta property=\"og:image:width\" content=\"1210\" \/>\n\t<meta property=\"og:image:height\" content=\"800\" \/>\n\t<meta property=\"og:image:type\" content=\"image\/png\" \/>\n<meta name=\"twitter:card\" content=\"summary_large_image\" \/>\n<meta name=\"twitter:label1\" content=\"Dur\u00e9e de lecture estim\u00e9e\" \/>\n\t<meta name=\"twitter:data1\" content=\"1 minute\" \/>\n<script type=\"application\/ld+json\" class=\"yoast-schema-graph\">{\"@context\":\"https:\\\/\\\/schema.org\",\"@graph\":[{\"@type\":\"WebPage\",\"@id\":\"https:\\\/\\\/dadouscorner.ca\\\/collections\\\/\",\"url\":\"https:\\\/\\\/dadouscorner.ca\\\/collections\\\/\",\"name\":\"Book Collections | Dadou's Corner\",\"isPartOf\":{\"@id\":\"https:\\\/\\\/dadouscorner.ca\\\/#website\"},\"primaryImageOfPage\":{\"@id\":\"https:\\\/\\\/dadouscorner.ca\\\/collections\\\/#primaryimage\"},\"image\":{\"@id\":\"https:\\\/\\\/dadouscorner.ca\\\/collections\\\/#primaryimage\"},\"thumbnailUrl\":\"https:\\\/\\\/i0.wp.com\\\/dadouscorner.ca\\\/wp-content\\\/uploads\\\/2026\\\/01\\\/book-collections.png?fit=1210%2C800&ssl=1\",\"datePublished\":\"2025-08-25T23:08:54+00:00\",\"dateModified\":\"2026-01-20T12:24:06+00:00\",\"description\":\"Discover your next favourite read at Dadou\u2019s Corner. Shop our book collections, handpicked for the modern reader.\",\"breadcrumb\":{\"@id\":\"https:\\\/\\\/dadouscorner.ca\\\/collections\\\/#breadcrumb\"},\"inLanguage\":\"fr-FR\",\"potentialAction\":[{\"@type\":\"ReadAction\",\"target\":[\"https:\\\/\\\/dadouscorner.ca\\\/collections\\\/\"]}]},{\"@type\":\"ImageObject\",\"inLanguage\":\"fr-FR\",\"@id\":\"https:\\\/\\\/dadouscorner.ca\\\/collections\\\/#primaryimage\",\"url\":\"https:\\\/\\\/i0.wp.com\\\/dadouscorner.ca\\\/wp-content\\\/uploads\\\/2026\\\/01\\\/book-collections.png?fit=1210%2C800&ssl=1\",\"contentUrl\":\"https:\\\/\\\/i0.wp.com\\\/dadouscorner.ca\\\/wp-content\\\/uploads\\\/2026\\\/01\\\/book-collections.png?fit=1210%2C800&ssl=1\",\"width\":1210,\"height\":800,\"caption\":\"featured image for book collections at Dadou's corner\"},{\"@type\":\"BreadcrumbList\",\"@id\":\"https:\\\/\\\/dadouscorner.ca\\\/collections\\\/#breadcrumb\",\"itemListElement\":[{\"@type\":\"ListItem\",\"position\":1,\"name\":\"Home\",\"item\":\"https:\\\/\\\/dadouscorner.ca\\\/\"},{\"@type\":\"ListItem\",\"position\":2,\"name\":\"Book Collections\"}]},{\"@type\":\"WebSite\",\"@id\":\"https:\\\/\\\/dadouscorner.ca\\\/#website\",\"url\":\"https:\\\/\\\/dadouscorner.ca\\\/\",\"name\":\"Dadou's corner\",\"description\":\"Live Fully. Pause Often. Connect Deeply.\",\"publisher\":{\"@id\":\"https:\\\/\\\/dadouscorner.ca\\\/#organization\"},\"potentialAction\":[{\"@type\":\"SearchAction\",\"target\":{\"@type\":\"EntryPoint\",\"urlTemplate\":\"https:\\\/\\\/dadouscorner.ca\\\/?s={search_term_string}\"},\"query-input\":{\"@type\":\"PropertyValueSpecification\",\"valueRequired\":true,\"valueName\":\"search_term_string\"}}],\"inLanguage\":\"fr-FR\"},{\"@type\":\"Organization\",\"@id\":\"https:\\\/\\\/dadouscorner.ca\\\/#organization\",\"name\":\"Dadou's corner\",\"url\":\"https:\\\/\\\/dadouscorner.ca\\\/\",\"logo\":{\"@type\":\"ImageObject\",\"inLanguage\":\"fr-FR\",\"@id\":\"https:\\\/\\\/dadouscorner.ca\\\/#\\\/schema\\\/logo\\\/image\\\/\",\"url\":\"https:\\\/\\\/i0.wp.com\\\/dadouscorner.ca\\\/wp-content\\\/uploads\\\/2025\\\/10\\\/D-A-D-O-U-%E2%80%98-S-2160-x-2160-px-Logo-2.png?fit=500%2C500&ssl=1\",\"contentUrl\":\"https:\\\/\\\/i0.wp.com\\\/dadouscorner.ca\\\/wp-content\\\/uploads\\\/2025\\\/10\\\/D-A-D-O-U-%E2%80%98-S-2160-x-2160-px-Logo-2.png?fit=500%2C500&ssl=1\",\"width\":500,\"height\":500,\"caption\":\"Dadou's corner\"},\"image\":{\"@id\":\"https:\\\/\\\/dadouscorner.ca\\\/#\\\/schema\\\/logo\\\/image\\\/\"},\"sameAs\":[\"https:\\\/\\\/facebook.com\\\/dadouscornerca\",\"https:\\\/\\\/instagram.com\\\/dadouscorner\",\"https:\\\/\\\/www.tiktok.com\\\/@dadouscorner\",\"https:\\\/\\\/www.youtube.com\\\/@dadouscornerca\",\"https:\\\/\\\/www.linkedin.com\\\/company\\\/dadouscorner\\\/\"]}]}<\/script>\n<!-- \/ Yoast SEO plugin. -->","yoast_head_json":{"title":"Book Collections | Dadou's Corner","description":"Discover your next favourite read at Dadou\u2019s Corner. Shop our book collections, handpicked for the modern reader.","robots":{"index":"index","follow":"follow","max-snippet":"max-snippet:-1","max-image-preview":"max-image-preview:large","max-video-preview":"max-video-preview:-1"},"canonical":"https:\/\/dadouscorner.ca\/fr\/collections\/","og_locale":"fr_FR","og_type":"article","og_title":"Book Collections | Dadou's Corner","og_description":"Discover your next favourite read at Dadou\u2019s Corner. Shop our book collections, handpicked for the modern reader.","og_url":"https:\/\/dadouscorner.ca\/fr\/collections\/","og_site_name":"Dadou&#039;s Corner","article_publisher":"https:\/\/facebook.com\/dadouscornerca","article_modified_time":"2026-01-20T12:24:06+00:00","og_image":[{"width":1210,"height":800,"url":"https:\/\/dadouscorner.ca\/wp-content\/uploads\/2026\/01\/book-collections.png","type":"image\/png"}],"twitter_card":"summary_large_image","twitter_misc":{"Dur\u00e9e de lecture estim\u00e9e":"1 minute"},"schema":{"@context":"https:\/\/schema.org","@graph":[{"@type":"WebPage","@id":"https:\/\/dadouscorner.ca\/collections\/","url":"https:\/\/dadouscorner.ca\/collections\/","name":"Book Collections | Dadou's Corner","isPartOf":{"@id":"https:\/\/dadouscorner.ca\/#website"},"primaryImageOfPage":{"@id":"https:\/\/dadouscorner.ca\/collections\/#primaryimage"},"image":{"@id":"https:\/\/dadouscorner.ca\/collections\/#primaryimage"},"thumbnailUrl":"https:\/\/i0.wp.com\/dadouscorner.ca\/wp-content\/uploads\/2026\/01\/book-collections.png?fit=1210%2C800&ssl=1","datePublished":"2025-08-25T23:08:54+00:00","dateModified":"2026-01-20T12:24:06+00:00","description":"Discover your next favourite read at Dadou\u2019s Corner. Shop our book collections, handpicked for the modern reader.","breadcrumb":{"@id":"https:\/\/dadouscorner.ca\/collections\/#breadcrumb"},"inLanguage":"fr-FR","potentialAction":[{"@type":"ReadAction","target":["https:\/\/dadouscorner.ca\/collections\/"]}]},{"@type":"ImageObject","inLanguage":"fr-FR","@id":"https:\/\/dadouscorner.ca\/collections\/#primaryimage","url":"https:\/\/i0.wp.com\/dadouscorner.ca\/wp-content\/uploads\/2026\/01\/book-collections.png?fit=1210%2C800&ssl=1","contentUrl":"https:\/\/i0.wp.com\/dadouscorner.ca\/wp-content\/uploads\/2026\/01\/book-collections.png?fit=1210%2C800&ssl=1","width":1210,"height":800,"caption":"featured image for book collections at Dadou's corner"},{"@type":"BreadcrumbList","@id":"https:\/\/dadouscorner.ca\/collections\/#breadcrumb","itemListElement":[{"@type":"ListItem","position":1,"name":"Home","item":"https:\/\/dadouscorner.ca\/"},{"@type":"ListItem","position":2,"name":"Book Collections"}]},{"@type":"WebSite","@id":"https:\/\/dadouscorner.ca\/#website","url":"https:\/\/dadouscorner.ca\/","name":"Dadou's corner","description":"Live Fully. Pause Often. Connect Deeply.","publisher":{"@id":"https:\/\/dadouscorner.ca\/#organization"},"potentialAction":[{"@type":"SearchAction","target":{"@type":"EntryPoint","urlTemplate":"https:\/\/dadouscorner.ca\/?s={search_term_string}"},"query-input":{"@type":"PropertyValueSpecification","valueRequired":true,"valueName":"search_term_string"}}],"inLanguage":"fr-FR"},{"@type":"Organization","@id":"https:\/\/dadouscorner.ca\/#organization","name":"Dadou's corner","url":"https:\/\/dadouscorner.ca\/","logo":{"@type":"ImageObject","inLanguage":"fr-FR","@id":"https:\/\/dadouscorner.ca\/#\/schema\/logo\/image\/","url":"https:\/\/i0.wp.com\/dadouscorner.ca\/wp-content\/uploads\/2025\/10\/D-A-D-O-U-%E2%80%98-S-2160-x-2160-px-Logo-2.png?fit=500%2C500&ssl=1","contentUrl":"https:\/\/i0.wp.com\/dadouscorner.ca\/wp-content\/uploads\/2025\/10\/D-A-D-O-U-%E2%80%98-S-2160-x-2160-px-Logo-2.png?fit=500%2C500&ssl=1","width":500,"height":500,"caption":"Dadou's corner"},"image":{"@id":"https:\/\/dadouscorner.ca\/#\/schema\/logo\/image\/"},"sameAs":["https:\/\/facebook.com\/dadouscornerca","https:\/\/instagram.com\/dadouscorner","https:\/\/www.tiktok.com\/@dadouscorner","https:\/\/www.youtube.com\/@dadouscornerca","https:\/\/www.linkedin.com\/company\/dadouscorner\/"]}]}},"jetpack_sharing_enabled":true,"jetpack_shortlink":"https:\/\/wp.me\/PgGd5l-70","_links":{"self":[{"href":"https:\/\/dadouscorner.ca\/fr\/wp-json\/wp\/v2\/pages\/434","targetHints":{"allow":["GET"]}}],"collection":[{"href":"https:\/\/dadouscorner.ca\/fr\/wp-json\/wp\/v2\/pages"}],"about":[{"href":"https:\/\/dadouscorner.ca\/fr\/wp-json\/wp\/v2\/types\/page"}],"author":[{"embeddable":true,"href":"https:\/\/dadouscorner.ca\/fr\/wp-json\/wp\/v2\/users\/268629517"}],"replies":[{"embeddable":true,"href":"https:\/\/dadouscorner.ca\/fr\/wp-json\/wp\/v2\/comments?post=434"}],"version-history":[{"count":22,"href":"https:\/\/dadouscorner.ca\/fr\/wp-json\/wp\/v2\/pages\/434\/revisions"}],"predecessor-version":[{"id":2646,"href":"https:\/\/dadouscorner.ca\/fr\/wp-json\/wp\/v2\/pages\/434\/revisions\/2646"}],"wp:featuredmedia":[{"embeddable":true,"href":"https:\/\/dadouscorner.ca\/fr\/wp-json\/wp\/v2\/media\/2134"}],"wp:attachment":[{"href":"https:\/\/dadouscorner.ca\/fr\/wp-json\/wp\/v2\/media?parent=434"}],"curies":[{"name":"wp","href":"https:\/\/api.w.org\/{rel}","templated":true}]}}